{"id":1355,"date":"2017-03-06T20:12:33","date_gmt":"2017-03-06T20:12:33","guid":{"rendered":"http:\/\/tolkieniana.net\/wp\/?page_id=1355"},"modified":"2017-03-06T20:12:33","modified_gmt":"2017-03-06T20:12:33","slug":"musica","status":"publish","type":"page","link":"https:\/\/tolkieniana.net\/wp\/rivendell\/musica\/","title":{"rendered":"Musica"},"content":{"rendered":"[vc_row][vc_column][layerslider_vc id=&#8221;10&#8243;][\/vc_column][\/vc_row][vc_row][vc_column css_animation=&#8221;left-to-right&#8221; width=&#8221;1\/2&#8243; typography_style=&#8221;black&#8221; css=&#8221;.vc_custom_1486399673008{margin-left: 25px !important;background-position: center !important;background-repeat: no-repeat !important;background-size: cover !important;}&#8221;][vc_column_text css=&#8221;.vc_custom_1486750950025{margin-right: 50px !important;}&#8221;]<em><strong>Tolkieniana<\/strong><\/em> \u00e8 un <em>sogno.<\/em><\/p>\n<p>Il <em>sogno<\/em> di creare un luogo d&#8217;incontro fra la Terra di Mezzo e il nostro mondo, o meglio di rendere pi\u00f9 evidente l&#8217;intreccio che gi\u00e0 esiste ma che solo in pochi riescono a vedere, primo fra tutti l&#8217;aedo\u00a0di Oxford.<\/p>\n<p>Ci dicono che immaginare \u00e8 evadere, e allora ben venga l&#8217;evasione, la <em>santa fuga del prigioniero<\/em> come avrebbe detto Tolkien. Ma, nella realt\u00e0, l&#8217;immaginazione richiede impegno e dedizione totale.<\/p>\n<p>Lo sanno bene gli artisti, gli scienziati che fanno ricerca, i liberi pensatori. L&#8217;immaginazione spaventa, rompe la tranquillit\u00e0 degli schemi accademici, tracima dai percorsi obbligati, scava grotte sotto le fondamenta del pensiero unico.<\/p>\n<p>E <em><strong>Tolkieniana<\/strong><\/em>\u00a0cosa c&#8217;entra in tutto questo? Torniamo al <em>sogno,<\/em> il sogno di un ragazzo di 17 anni che lesse il Signore degli Anelli e si disper\u00f2, perch\u00e9 non viveva in Arda.[\/vc_column_text][\/vc_column][vc_column width=&#8221;1\/2&#8243; css=&#8221;.vc_custom_1486399910284{margin-left: 25px !important;}&#8221;][vc_wp_posts number=&#8221;6&#8243; show_date=&#8221;1&#8243;][\/vc_column][\/vc_row][vc_row css=&#8221;.vc_custom_1486329739237{margin-right: 25px !important;}&#8221;][vc_column width=&#8221;1\/2&#8243; visibility=&#8221;hidden-phone&#8221; css=&#8221;.vc_custom_1486398876169{margin-left: 25px !important;}&#8221;][layerslider_vc id=&#8221;14&#8243;][\/vc_column][vc_column css_animation=&#8221;right-to-left&#8221; width=&#8221;1\/2&#8243; typography_style=&#8221;black&#8221; css=&#8221;.vc_custom_1486310325871{margin-bottom: 25px !important;margin-left: 25px !important;}&#8221;][vc_column_text]Un mondo immaginario pu\u00f2 essere pi\u00f9 bello, ricco e avvincente rispetto alla vita di tutti i giorni? Una risposta positiva\u00a0appare quasi scontata, ma questo dovrebbe farci pensare. Il problema \u00e8 davvero nella nostra realt\u00e0, o forse il problema \u00e8 il modo in cui noi la concepiamo e la viviamo? La vita \u00e8 banale o siamo noi a banalizzarla?<\/p>\n<p>A ognuno la risposta che sente pi\u00f9 vera. Per quanto mi riguarda, trovai una prima soluzione\u00a0nella musica, che fino ad allora avevo frequentato solo come esecutore. Iniziando a comporre musica, ispirato dalla lettura di Tolkien, intravidi una porta che mi permetteva di rientrare in quel mondo di cui la mia mente adolescente si era innamorata.[\/vc_column_text][\/vc_column][\/vc_row][vc_row css=&#8221;.vc_custom_1486399737688{margin-top: 25px !important;}&#8221;][vc_column css_animation=&#8221;left-to-right&#8221; width=&#8221;2\/3&#8243; typography_style=&#8221;black&#8221; css=&#8221;.vc_custom_1486400060573{margin-top: 25px !important;margin-left: 25px !important;}&#8221;][vc_column_text css=&#8221;.vc_custom_1486395020146{margin-right: 50px !important;}&#8221;]La bellezza che la <em>Terra di Mezzo<\/em> ci mostra \u00e8 la bellezza del nostro mondo, della nostra Europa, non altro. Il mito non maschera il reale\u00a0ma lo disvela, ci aiuta a riconoscerne l&#8217;essenza, a superare le barriere percettive che noi stessi abbiamo\u00a0creato, per riaprire i nostri occhi di bambini o, se preferite, di elfi.<\/p>\n<p>Se il ruolo di una buona storia \u00e8 quello di mostrarci un nuovo punto di vista sull&#8217;immanenza, Tolkien \u00e8 stato in questo il Maestro assoluto del XX secolo, e non penso di esagerare. Altri autori hanno avuto altri meriti, ma l&#8217;Omero dei nostri giorni \u00e8 stato indubbiamente lui.<\/p>\n<p>Non a caso la <em>Terra di Mezzo<\/em> \u00e8 il &#8220;mondo secondario&#8221;\u00a0che ha ispirato pi\u00f9 <a href=\"http:\/\/www.tolkien-music.com\/\" target=\"_blank\">musicisti<\/a> e artisti di tutte le arti nella storia moderna.[\/vc_column_text][\/vc_column][vc_column width=&#8221;1\/3&#8243;][vc_single_image image=&#8221;660&#8243; img_size=&#8221;medium&#8221; alignment=&#8221;center&#8221; css_animation=&#8221;fadeInUp&#8221;][\/vc_column][\/vc_row][vc_row][vc_column width=&#8221;1\/2&#8243; visibility=&#8221;hidden-phone&#8221; css=&#8221;.vc_custom_1486398889286{margin-left: 25px !important;}&#8221;][layerslider_vc id=&#8221;12&#8243;][\/vc_column][vc_column css_animation=&#8221;right-to-left&#8221; width=&#8221;1\/2&#8243; typography_style=&#8221;black&#8221; css=&#8221;.vc_custom_1486247161612{margin-left: 25px !important;}&#8221;][vc_column_text css=&#8221;.vc_custom_1488130296764{margin-right: 60px !important;}&#8221;]Cos\u00ec\u00a0nasce l&#8217;esigenza di creare uno spazio, anche virtuale, dove tali artisti possano incontrarsi, confrontarsi, esprimersi. Questo vuole diventare <em><strong>Tolkieniana Net:<\/strong><\/em> una rete, un agor\u00e0, un luogo di bellezza. Ecco lo <a href=\"https:\/\/tolkieniana.net\/wp\/it\/lo-spirito-di-tolkieniana\/\"><em><strong>spirito<\/strong><\/em><\/a> di questo progetto.<\/p>\n<p>Ovviamente un solo appassionato, per quanto volenteroso, non pu\u00f2 riuscire\u00a0nell&#8217;impresa di rendere concreto\u00a0questo\u00a0<em>sogno<\/em><em>:<\/em> occorre piantare i semi di un nuovo giardino, come sarebbe piaciuto a Sam. Ancora meglio, occorre\u00a0costruire una nuova Casa Accogliente, una <em>&#8220;casa perfetta, sia che amiate il cibo, o il riposo, o il canto, o i racconti, o che amiate solo star seduti e riflettere, o un piacevole miscuglio di tutto ci\u00f2&#8221;<\/em>.<\/p>\n<p style=\"text-align: left;\">State pronti, perch\u00e9\u00a0la porta sta per aprirsi.<br \/>\n<em><strong>Pedo mellon a minno,<\/strong>\u00a0di&#8217; &#8220;amico&#8221; ed entra.<\/em><\/p>\n<p style=\"text-align: right;\"><em>Edoardo Volpi Kellermann<\/em><\/p>\n<p style=\"text-align: right;\"><a href=\"https:\/\/tolkieniana.net\/wp\/wp-content\/uploads\/2017\/01\/Evk-Logo-ai-1.png\"><img loading=\"lazy\" decoding=\"async\" class=\" wp-image-324 alignright\" src=\"https:\/\/tolkieniana.net\/wp\/wp-content\/uploads\/2017\/01\/Evk-Logo-ai-1.png\" alt=\"\" width=\"130\" height=\"130\" \/><\/a><\/p>\n[\/vc_column_text][\/vc_column][\/vc_row][vc_row][vc_column width=&#8221;2\/3&#8243; css=&#8221;.vc_custom_1488821417866{margin-left: 50px !important;}&#8221;]<div class=\"vcex-shortcode wpex-clr\"> [fbcomments count=&#8221;off&#8221;]<\/div>[\/vc_column][vc_column width=&#8221;1\/3&#8243;][\/vc_column][\/vc_row]\n","protected":false},"excerpt":{"rendered":"<p>[vc_row][vc_column][layerslider_vc id=&#8221;10&#8243;][\/vc_column][\/vc_row][vc_row][vc_column css_animation=&#8221;left-to-right&#8221; width=&#8221;1\/2&#8243; typography_style=&#8221;black&#8221; css=&#8221;.vc_custom_1486399673008{margin-left: 25px !important;background-position: center !important;background-repeat: no-repeat !important;background-size: cover !important;}&#8221;][vc_column_text css=&#8221;.vc_custom_1486750950025{margin-right: 50px !important;}&#8221;]Tolkieniana \u00e8 un sogno. Il sogno di creare un luogo d&#8217;incontro fra la Terra di Mezzo e il nostro mondo, o meglio di rendere pi\u00f9 evidente l&#8217;intreccio che gi\u00e0 esiste ma che solo in pochi riescono a vedere, primo&hellip;<\/p>\n","protected":false},"author":1,"featured_media":0,"parent":1349,"menu_order":0,"comment_status":"closed","ping_status":"closed","template":"","meta":{"footnotes":""},"class_list":["post-1355","page","type-page","status-publish","hentry","entry","no-media"],"_links":{"self":[{"href":"https:\/\/tolkieniana.net\/wp\/wp-json\/wp\/v2\/pages\/1355","targetHints":{"allow":["GET"]}}],"collection":[{"href":"https:\/\/tolkieniana.net\/wp\/wp-json\/wp\/v2\/pages"}],"about":[{"href":"https:\/\/tolkieniana.net\/wp\/wp-json\/wp\/v2\/types\/page"}],"author":[{"embeddable":true,"href":"https:\/\/tolkieniana.net\/wp\/wp-json\/wp\/v2\/users\/1"}],"replies":[{"embeddable":true,"href":"https:\/\/tolkieniana.net\/wp\/wp-json\/wp\/v2\/comments?post=1355"}],"version-history":[{"count":1,"href":"https:\/\/tolkieniana.net\/wp\/wp-json\/wp\/v2\/pages\/1355\/revisions"}],"predecessor-version":[{"id":1356,"href":"https:\/\/tolkieniana.net\/wp\/wp-json\/wp\/v2\/pages\/1355\/revisions\/1356"}],"up":[{"embeddable":true,"href":"https:\/\/tolkieniana.net\/wp\/wp-json\/wp\/v2\/pages\/1349"}],"wp:attachment":[{"href":"https:\/\/tolkieniana.net\/wp\/wp-json\/wp\/v2\/media?parent=1355"}],"curies":[{"name":"wp","href":"https:\/\/api.w.org\/{rel}","templated":true}]}}